{"id":1018,"date":"2021-07-27T08:51:02","date_gmt":"2021-07-27T08:51:02","guid":{"rendered":"https:\/\/support.mrdm.com\/?page_id=1018"},"modified":"2025-04-09T09:40:22","modified_gmt":"2025-04-09T07:40:22","slug":"amsm","status":"publish","type":"page","link":"https:\/\/support.mrdm.com\/nl\/swab\/amsm\/","title":{"rendered":"AMSM"},"content":{"rendered":"\n<div class=\"wp-block-group has-rounded-corners-4 has-org-color-10-background-color has-background\" style=\"padding-top:48px;padding-right:48px;padding-bottom:48px;padding-left:48px\"><div class=\"wp-block-group__inner-container is-layout-flow wp-block-group-is-layout-flow\">\n<div class=\"acf-block-outcome-set-header\">\n  <div class=\"title\">\n    <h1>AMSM<span>Antimicrobial stewardship<\/span><\/h1>\n  <\/div>\n  <\/div>\n\n\n\n<p class=\"has-margin-bottom-0\">De AMSM omvat data over de kwantiteit en kwaliteit van het gebruik van antimicrobi\u00eble middelen en de kwaliteit van zorg voor pati\u00ebnten met een S. aureus bacteri\u00ebmie.&nbsp;<\/p>\n<\/div><\/div>\n\n\n\n<div style=\"height:20px\" aria-hidden=\"true\" class=\"wp-block-spacer\"><\/div>\n\n\n\n<div class=\"acf-block-topic-blocks\">\n\n    \n                <div class=\"topic-block\">\n                  <div class=\"content\">\n                    <a class=\"link\" href=\"https:\/\/support.mrdm.com\/nl\/aanmelden\/?org=swab&#038;set=amsm\"><\/a>\n                    <i class=\"txt-color-primary\">edit<\/i>\n                    <h3>Organisatie aanmelden<\/h3>\n                    <p>Uw organisatie aanmelden voor deze registratie<\/p>\n                    <ul>\n                      <li class=\"page_item\"><a class=\"txt-color-primary txt-hover bg-color-white bg-hover\" href=\"https:\/\/support.mrdm.com\/nl\/aanmelden\/aanmelden\/?org=swab&#038;set=amsm\">Aanmelden<\/a><\/li><li class=\"page_item\"><a class=\"txt-color-primary txt-hover bg-color-white bg-hover\" href=\"https:\/\/support.mrdm.com\/nl\/aanmelden\/algemene-informatie\/?org=swab&#038;set=amsm\">Algemene informatie<\/a><\/li>                    <\/ul>\n                  <\/div>\n                  <span class=\"label\">Algemeen<\/span>\n                <\/div>\n\n            \n                <div class=\"topic-block\">\n                  <div class=\"content\">\n                    <a class=\"link\" href=\"https:\/\/support.mrdm.com\/nl\/account\/?org=swab&#038;set=amsm\"><\/a>\n                    <i class=\"txt-color-primary\">account_circle<\/i>\n                    <h3>Account<\/h3>\n                    <p>Account aanvragen, inloggen en authenticatie<\/p>\n                    <ul>\n                      <li class=\"page_item\"><a class=\"txt-color-primary txt-hover bg-color-white bg-hover\" href=\"https:\/\/support.mrdm.com\/nl\/account\/ik-wil-een-account\/?org=swab&#038;set=amsm\">Ik wil een account<\/a><\/li><li class=\"page_item\"><a class=\"txt-color-primary txt-hover bg-color-white bg-hover\" href=\"https:\/\/support.mrdm.com\/nl\/account\/my-account\/?org=swab&#038;set=amsm\">My Account<\/a><\/li><li class=\"page_item\"><a class=\"txt-color-primary txt-hover bg-color-white bg-hover\" href=\"https:\/\/support.mrdm.com\/nl\/account\/inloggen-en-authenticatie-2-0\/?org=swab&#038;set=amsm\">Inloggen en authenticatie<\/a><\/li><li class=\"page_item\"><a class=\"txt-color-primary txt-hover bg-color-white bg-hover\" href=\"https:\/\/support.mrdm.com\/nl\/account\/single-sign-on-sso\/?org=swab&#038;set=amsm\">Single Sign-On (SSO)<\/a><\/li><li class=\"page_item\"><a class=\"txt-color-primary txt-hover bg-color-white bg-hover\" href=\"https:\/\/support.mrdm.com\/nl\/account\/veelgestelde-vragen\/?org=swab&#038;set=amsm\">Veelgestelde vragen<\/a><\/li>                    <\/ul>\n                  <\/div>\n                  <span class=\"label\">Algemeen<\/span>\n                <\/div>\n\n            \n                <div class=\"topic-block\">\n                  <div class=\"content\">\n                    <a class=\"link\" href=\"https:\/\/support.mrdm.com\/nl\/self-service-portaal\/?org=swab&#038;set=amsm\"><\/a>\n                    <i class=\"txt-color-primary\">manage_accounts<\/i>\n                    <h3>Self-Service Portaal<\/h3>\n                    <p>Eenvoudig toegang verlenen aan collega&#8217;s voor MRDM applicaties en registraties<\/p>\n                    <ul>\n                      <li class=\"page_item\"><a class=\"txt-color-primary txt-hover bg-color-white bg-hover\" href=\"https:\/\/support.mrdm.com\/nl\/self-service-portaal\/organisatie-beheerders-admins\/?org=swab&#038;set=amsm\">Organisatie Beheerders (admins)<\/a><\/li><li class=\"page_item\"><a class=\"txt-color-primary txt-hover bg-color-white bg-hover\" href=\"https:\/\/support.mrdm.com\/nl\/self-service-portaal\/rollen-contact-persoon-vs-beheerder\/?org=swab&#038;set=amsm\">Rollen: contact persoon vs. beheerder<\/a><\/li><li class=\"page_item\"><a class=\"txt-color-primary txt-hover bg-color-white bg-hover\" href=\"https:\/\/support.mrdm.com\/nl\/self-service-portaal\/veelgestelde-vragen\/?org=swab&#038;set=amsm\">Veelgestelde vragen<\/a><\/li>                    <\/ul>\n                  <\/div>\n                  <span class=\"label\">Algemeen<\/span>\n                <\/div>\n\n            \n                <div class=\"topic-block\">\n                  <div class=\"content\">\n                    <a class=\"link\" href=\"https:\/\/support.mrdm.com\/nl\/downloads\/?org=swab&#038;set=amsm\"><\/a>\n                    <i class=\"txt-color-primary\">file_download<\/i>\n                    <h3>Downloads<\/h3>\n                    <p>Data dictionaries, XSD, CRF, XML<\/p>\n                    <ul>\n                      <li class=\"page_item\"><a class=\"txt-color-primary txt-hover bg-color-white bg-hover\" href=\"https:\/\/support.mrdm.com\/nl\/downloads\/documenten\/?org=swab&#038;set=amsm\">Documenten<\/a><\/li><li class=\"page_item\"><a class=\"txt-color-primary txt-hover bg-color-white bg-hover\" href=\"https:\/\/support.mrdm.com\/nl\/downloads\/versienummering\/?org=swab&#038;set=amsm\">Versienummering<\/a><\/li><li class=\"page_item\"><a class=\"txt-color-primary txt-hover bg-color-white bg-hover\" href=\"https:\/\/support.mrdm.com\/nl\/downloads\/document-types\/?org=swab&#038;set=amsm\">Document types<\/a><\/li>                    <\/ul>\n                  <\/div>\n                  <span class=\"label\">Downloads<\/span>\n                <\/div>\n\n            \n                <div class=\"topic-block\">\n                  <div class=\"content\">\n                    <a class=\"link\" href=\"https:\/\/support.mrdm.com\/nl\/dataentry\/?org=swab&#038;set=amsm\"><\/a>\n                    <i class=\"txt-color-primary\">wysiwyg<\/i>\n                    <h3>DataEntry<\/h3>\n                    <p>Handmatig gegevens registreren<\/p>\n                    <ul>\n                      <li class=\"page_item\"><a class=\"txt-color-primary txt-hover bg-color-white bg-hover\" href=\"https:\/\/support.mrdm.com\/nl\/dataentry\/handleiding\/?org=swab&#038;set=amsm\">Handleiding<\/a><\/li><li class=\"page_item\"><a class=\"txt-color-primary txt-hover bg-color-white bg-hover\" href=\"https:\/\/support.mrdm.com\/nl\/dataentry\/veelgestelde-vragen\/?org=swab&#038;set=amsm\">Veelgestelde vragen<\/a><\/li><li class=\"page_item\"><a class=\"txt-color-primary txt-hover bg-color-white bg-hover\" href=\"https:\/\/support.mrdm.com\/nl\/dataentry\/export\/?org=swab&#038;set=amsm\">Export<\/a><\/li><li class=\"page_item\"><a class=\"txt-color-primary txt-hover bg-color-white bg-hover\" href=\"https:\/\/support.mrdm.com\/nl\/dataentry\/internet-browser-ondersteuning\/?org=swab&#038;set=amsm\">Internet browser ondersteuning<\/a><\/li>                    <\/ul>\n                  <\/div>\n                  <span class=\"label\">Data verzamelen<\/span>\n                <\/div>\n\n            \n                <div class=\"topic-block\">\n                  <div class=\"content\">\n                    <a class=\"link\" href=\"https:\/\/support.mrdm.com\/nl\/batch\/?org=swab&#038;set=amsm\"><\/a>\n                    <i class=\"txt-color-primary\">settings<\/i>\n                    <h3>Batch<\/h3>\n                    <p>Data aanleveren per batch upload<\/p>\n                    <ul>\n                      <li class=\"page_item open\"><a class=\"txt-color-primary txt-hover bg-color-white bg-hover\" href=\"https:\/\/support.mrdm.com\/nl\/batch\/handleiding\/?org=swab&#038;set=amsm\">Handleiding<\/a><\/li><li class=\"page_item\"><a class=\"txt-color-primary txt-hover bg-color-white bg-hover\" href=\"https:\/\/support.mrdm.com\/nl\/batch\/data-connect\/?org=swab&#038;set=amsm\">Data Connect<\/a><\/li><li class=\"page_item\"><a class=\"txt-color-primary txt-hover bg-color-white bg-hover\" href=\"https:\/\/support.mrdm.com\/nl\/batch\/veelgestelde-vragen\/?org=swab&#038;set=amsm\">Veelgestelde vragen<\/a><\/li>                    <\/ul>\n                  <\/div>\n                  <span class=\"label\">Data verzamelen<\/span>\n                <\/div>\n\n            \n                <div class=\"topic-block\">\n                  <div class=\"content\">\n                    <a class=\"link\" href=\"https:\/\/support.mrdm.com\/nl\/codman\/?org=swab&#038;set=amsm\"><\/a>\n                    <i class=\"txt-color-primary\">analytics<\/i>\n                    <h3>Codman<\/h3>\n                    <p>Dashboards die inzichten over kwaliteit van de zorg cre\u00ebren <\/p>\n                    <ul>\n                      <li class=\"page_item\"><a class=\"txt-color-primary txt-hover bg-color-white bg-hover\" href=\"https:\/\/support.mrdm.com\/nl\/codman\/algemene-informatie\/?org=swab&#038;set=amsm\">Algemene informatie<\/a><\/li><li class=\"page_item\"><a class=\"txt-color-primary txt-hover bg-color-white bg-hover\" href=\"https:\/\/support.mrdm.com\/nl\/codman\/registratieportaal\/?org=swab&#038;set=amsm\">Registratieportaal<\/a><\/li><li class=\"page_item\"><a class=\"txt-color-primary txt-hover bg-color-white bg-hover\" href=\"https:\/\/support.mrdm.com\/nl\/codman\/indicatoren\/?org=swab&#038;set=amsm\">Indicatoren<\/a><\/li><li class=\"page_item\"><a class=\"txt-color-primary txt-hover bg-color-white bg-hover\" href=\"https:\/\/support.mrdm.com\/nl\/codman\/beschrijvingen\/?org=swab&#038;set=amsm\">Beschrijvingen<\/a><\/li><li class=\"page_item\"><a class=\"txt-color-primary txt-hover bg-color-white bg-hover\" href=\"https:\/\/support.mrdm.com\/nl\/codman\/exploratief\/?org=swab&#038;set=amsm\">Exploratief<\/a><\/li><li class=\"page_item\"><a class=\"txt-color-primary txt-hover bg-color-white bg-hover\" href=\"https:\/\/support.mrdm.com\/nl\/codman\/overview\/?org=swab&#038;set=amsm\">Overview<\/a><\/li><li class=\"page_item\"><a class=\"txt-color-primary txt-hover bg-color-white bg-hover\" href=\"https:\/\/support.mrdm.com\/nl\/codman\/codman-connect\/?org=swab&#038;set=amsm\">Codman Connect<\/a><\/li><li class=\"page_item\"><a class=\"txt-color-primary txt-hover bg-color-white bg-hover\" href=\"https:\/\/support.mrdm.com\/nl\/codman\/veelgestelde-vragen\/?org=swab&#038;set=amsm\">Veelgestelde vragen<\/a><\/li><li class=\"page_item\"><a class=\"txt-color-primary txt-hover bg-color-white bg-hover\" href=\"https:\/\/support.mrdm.com\/nl\/codman\/videos\/?org=swab&#038;set=amsm\">Instructievideo&#8217;s<\/a><\/li>                    <\/ul>\n                  <\/div>\n                  <span class=\"label\">Rapporteren<\/span>\n                <\/div>\n\n            \n                <div class=\"topic-block\">\n                  <div class=\"content\">\n                    <a class=\"link\" href=\"https:\/\/support.mrdm.com\/nl\/koppelingen\/?org=swab&#038;set=amsm\"><\/a>\n                    <i class=\"txt-color-primary\">link<\/i>\n                    <h3>Koppelingen<\/h3>\n                    <p>Geautomatiseerde aansluiting van externe bronnen voor een (pre)fill in kwaliteitsregistraties<\/p>\n                    <ul>\n                      <li class=\"page_item\"><a class=\"txt-color-primary txt-hover bg-color-white bg-hover\" href=\"https:\/\/support.mrdm.com\/nl\/koppelingen\/evs\/?org=swab&#038;set=amsm\">EVS<\/a><\/li>                    <\/ul>\n                  <\/div>\n                  <span class=\"label\">Data verzamelen<\/span>\n                <\/div>\n\n            <\/div>\n\n\n<div class=\"acf-separator-block\">\n  <hr>\n<\/div>\n\n\n\n<div class=\"acf-collapsible-block\">\n  <div class=\"title txt-color-dark txt-hover-color-primary\" id=\"doelstellingen-registratie\">\n        Doelstellingen registratie<span style=\"display: none;\">&#46;<\/span>      <\/div>\n  <div class=\"content\">\n    \n\n<ul class=\"wp-block-list\">\n<li>Het genereren van spiegelinformatie over de kwantiteit en kwaliteit van antibioticagebruik \u2013 en indien gewenst over de zorg voor pati\u00ebnten met een S. aureus bacteri\u00ebmie \u2013 in individuele ziekenhuizen.&nbsp;<\/li>\n\n\n\n<li>Terugkoppeling van deze spiegelinformatie aan de individuele ziekenhuizen (de A-teams) zodat zij in staat zijn de kwaliteit van gebruik en zorg te verbeteren.&nbsp;<\/li>\n\n\n\n<li>Identificeren van landelijke aandachtspunten om antimicrobieel gebruik en de behandeling van infectieziekten te verbeteren.<\/li>\n\n\n\n<li>De uitgebreidheid van de spiegelinformatie hangt af van de van de data die aangeleverd wordt. Ziekenhuizen kunnen deelnemen met de basis dataset, bestaande uit kenmerken van antibioticumvoorschriften, of de uitgebreide dataset, die ook oordelen van A-teams, geneesmiddelenconcentraties en gegevens over de zorg voor pati\u00ebnten met een S. aureus bacteri\u00ebmie omvat.&nbsp;&nbsp;&nbsp;<\/li>\n<\/ul>\n\n\n\n<p>Meer informatie is te vinden op&nbsp;<a href=\"https:\/\/swab.nl\/nl\/antimicrobial-stewardshipmonitor\">https:\/\/swab.nl\/nl\/antimicrobial-stewardshipmonitor<\/a>.<\/p>\n\n\n  <\/div>\n<\/div>\n\n\n\n<div class=\"acf-collapsible-block\">\n  <div class=\"title txt-color-dark txt-hover-color-primary\" id=\"over-swab\">\n        Over SWAB<span style=\"display: none;\">&#46;<\/span>      <\/div>\n  <div class=\"content\">\n    \n\n<figure class=\"wp-block-image size-large is-resized\"><img loading=\"lazy\" decoding=\"async\" src=\"https:\/\/support.mrdm.com\/wp-content\/uploads\/2021\/07\/swab-logo-1024x258.png\" alt=\"\" class=\"wp-image-1022\" style=\"width:256px;height:65px\" width=\"256\" height=\"65\" srcset=\"https:\/\/support.mrdm.com\/wp-content\/uploads\/2021\/07\/swab-logo-1024x258.png 1024w, https:\/\/support.mrdm.com\/wp-content\/uploads\/2021\/07\/swab-logo-300x76.png 300w, https:\/\/support.mrdm.com\/wp-content\/uploads\/2021\/07\/swab-logo-768x194.png 768w, https:\/\/support.mrdm.com\/wp-content\/uploads\/2021\/07\/swab-logo.png 1189w\" sizes=\"auto, (max-width: 256px) 100vw, 256px\" \/><\/figure>\n\n\n\n<p>De Stichting Werkgroep Antibiotica Beleid (SWAB) is in 1996 opgericht op initiatief van de Vereniging voor Infectieziekten, de Nederlandse Vereniging voor Medische Microbiologie en de Nederlandse Vereniging voor Ziekenhuisapothekers. De SWAB beoogt de kwaliteit van het antibioticagebruik in Nederland te optimaliseren teneinde een bijdrage te leveren aan de beheersing van resistentie-ontwikkeling en aan beperking van de kosten en andere negatieve effecten van antibioticagebruik.<\/p>\n\n\n\n<p><a href=\"https:\/\/swab.nl\/nl\">www.swab.nl<\/a><\/p>\n\n\n  <\/div>\n<\/div>\n","protected":false},"excerpt":{"rendered":"<p>De AMSM omvat data over de kwantiteit en kwaliteit van het gebruik van antimicrobi\u00eble middelen en de kwaliteit van zorg voor pati\u00ebnten met een S. aureus bacteri\u00ebmie.&nbsp;<\/p>\n","protected":false},"author":1,"featured_media":0,"parent":1015,"menu_order":0,"comment_status":"closed","ping_status":"closed","template":"page-wide.php","meta":{"_acf_changed":false,"footnotes":""},"page-category":[18],"class_list":["post-1018","page","type-page","status-publish","hentry","page-category-outcome-set"],"acf":[],"_links":{"self":[{"href":"https:\/\/support.mrdm.com\/nl\/wp-json\/wp\/v2\/pages\/1018","targetHints":{"allow":["GET"]}}],"collection":[{"href":"https:\/\/support.mrdm.com\/nl\/wp-json\/wp\/v2\/pages"}],"about":[{"href":"https:\/\/support.mrdm.com\/nl\/wp-json\/wp\/v2\/types\/page"}],"author":[{"embeddable":true,"href":"https:\/\/support.mrdm.com\/nl\/wp-json\/wp\/v2\/users\/1"}],"replies":[{"embeddable":true,"href":"https:\/\/support.mrdm.com\/nl\/wp-json\/wp\/v2\/comments?post=1018"}],"version-history":[{"count":42,"href":"https:\/\/support.mrdm.com\/nl\/wp-json\/wp\/v2\/pages\/1018\/revisions"}],"predecessor-version":[{"id":10869,"href":"https:\/\/support.mrdm.com\/nl\/wp-json\/wp\/v2\/pages\/1018\/revisions\/10869"}],"up":[{"embeddable":true,"href":"https:\/\/support.mrdm.com\/nl\/wp-json\/wp\/v2\/pages\/1015"}],"wp:attachment":[{"href":"https:\/\/support.mrdm.com\/nl\/wp-json\/wp\/v2\/media?parent=1018"}],"wp:term":[{"taxonomy":"page-category","embeddable":true,"href":"https:\/\/support.mrdm.com\/nl\/wp-json\/wp\/v2\/page-category?post=1018"}],"curies":[{"name":"wp","href":"https:\/\/api.w.org\/{rel}","templated":true}]}}