{"id":10792,"date":"2025-03-03T10:00:10","date_gmt":"2025-03-03T09:00:10","guid":{"rendered":"https:\/\/support.mrdm.com\/?page_id=10792"},"modified":"2025-03-17T16:06:12","modified_gmt":"2025-03-17T15:06:12","slug":"recall","status":"publish","type":"page","link":"https:\/\/support.mrdm.com\/nl\/dica\/dbir\/recall\/","title":{"rendered":"Recall"},"content":{"rendered":"\n<h1 class=\"wp-block-heading\">Recall<\/h1>\n\n\n\n<h2 class=\"wp-block-heading\">Wanneer moet een recall plaatsvinden?<\/h2>\n\n\n\n<p>De DBIR recall is een proces waarbij een specifiek merk of type borstimplantaat wordt teruggeroepen vanwege veiligheidsrisico\u2019s of gezondheidsproblemen die kunnen ontstaan bij de gebruikers. De Inspectie van Gezondheidszorg en Jeugd (IGJ) houdt toezicht op de kwaliteit en veiligheid van borstimplantaten en ontvangt de signalen die aanleiding kunnen geven tot een recall. Vervolgens beoordeelt de IGJ of een recall noodzakelijk is.<\/p>\n\n\n\n<div style=\"height:20px\" aria-hidden=\"true\" class=\"wp-block-spacer\"><\/div>\n\n\n\n<h2 class=\"wp-block-heading\">Stappenplan<\/h2>\n\n\n\n<p>In de onderstaande afbeelding is een flowchart te zien waarin het proces en alle benodigde in- en output zijn weergegeven van een recall.<\/p>\n\n\n\n<figure class=\"wp-block-image size-full\"><img loading=\"lazy\" decoding=\"async\" width=\"548\" height=\"604\" src=\"https:\/\/support.mrdm.com\/wp-content\/uploads\/2025\/02\/dbir-recall.png\" alt=\"\" class=\"wp-image-10768\" srcset=\"https:\/\/support.mrdm.com\/wp-content\/uploads\/2025\/02\/dbir-recall.png 548w, https:\/\/support.mrdm.com\/wp-content\/uploads\/2025\/02\/dbir-recall-272x300.png 272w\" sizes=\"auto, (max-width: 548px) 100vw, 548px\" \/><\/figure>\n\n\n\n<div style=\"height:20px\" aria-hidden=\"true\" class=\"wp-block-spacer\"><\/div>\n\n\n\n<h2 class=\"wp-block-heading\">Veelgestelde vragen<\/h2>\n\n\n\n<div style=\"height:8px\" aria-hidden=\"true\" class=\"wp-block-spacer\"><\/div>\n\n\n\n<div class=\"acf-expandable-block close\">\n    \n\n<h6 class=\"wp-block-heading title\">Wat is een recall?<\/h6>\n\n\n\n<p>Het proces waarbij een specifiek merk of type borstimplantaat wordt teruggeroepen vanwege veiligheidsrisico\u2019s of gezondheidsproblemen die kunnen ontstaan bij de gebruikers.<\/p>\n\n\n<\/div>\n\n\n\n\n<div class=\"acf-expandable-block close\">\n    \n\n<h6 class=\"wp-block-heading title\">Wat is een fictieve recall?<\/h6>\n\n\n\n<p>Een gesimuleerde terugroepactie van borstimplantaten die wordt uitgevoerd voor oefen- of trainingsdoeleinden. In dit scenario wordt een terugroepactie nagebootst zonder dat er daadwerkelijk sprake is van een defect of gezondheidsrisico bij de implantaten.<\/p>\n\n\n<\/div>\n\n\n\n\n<div class=\"acf-expandable-block close\">\n    \n\n<h6 class=\"wp-block-heading title\">Wat is een soft recall?<\/h6>\n\n\n\n<p>Een vrijwillige terugroepactie of veiligheidswaarschuwing die wordt aanbevolen door andere partijen dan de Inspectie van Gezondheidszorg en Jeugd (IGJ), zoals de fabrikant of een notified body. Het al dan niet informeren van de pati\u00ebnt heeft geen directe gevolgen voor diens gezondheid.<\/p>\n\n\n<\/div>\n\n\n\n\n<div class=\"acf-expandable-block close\">\n    \n\n<h6 class=\"wp-block-heading title\">Wat is het verschil tussen een werkelijke recall en soft recall?<\/h6>\n\n\n\n<p>Het verschil tussen een werkelijke recall en een soft recall ligt in de urgentie en verplichting. Een werkelijke recall is een verplichting, opgelegd door de IGJ, wanneer er veiligheidsrisico\u2019s of gezondheidsproblemen kunnen ontstaan bij de gebruikers. Een soft recall, daarentegen, is een vrijwillige maatregel die door andere partijen, zoals de fabrikant, kan worden aanbevolen zonder directe gevolgen voor de gezondheid van de pati\u00ebnt.<\/p>\n\n\n<\/div>\n\n\n\n\n<div class=\"acf-expandable-block close\">\n    \n\n<h6 class=\"wp-block-heading title\">Hoe kun je nagaan of jouw implantaat betrokken is bij een recall?<\/h6>\n\n\n\n<p>Op de website <a href=\"http:\/\/www.implantaatcheck.nl\">www.implantaatcheck.nl<\/a> kunt u controleren of uw implantaat betrokken is bij een terugroepactie. Dit geldt alleen voor implantaten die vanaf 2015 zijn geplaatst. U kunt uw implantaat opzoeken door het serienummer en de fabrikant van uw implantaat in te voeren. Als u niet beschikt over deze informatie, neem dan contact op met uw behandelend arts of de zorginstelling waar uw implantaten zijn geplaatst.<\/p>\n\n\n<\/div>\n\n\n\n\n<div class=\"acf-expandable-block close\">\n    \n\n<h6 class=\"wp-block-heading title\">Wat moet ik doen als mijn borstimplantaat betrokken is bij een recall?<\/h6>\n\n\n\n<p>Wanneer uw implantaat betrokken is bij een terugroepactie neemt uw zorginstelling contact met u op om een extra controle afspraak in te plannen met uw specialist.<\/p>\n\n\n<\/div>\n\n\n\n\n<div class=\"acf-expandable-block close\">\n    \n\n<h6 class=\"wp-block-heading title\">Waar in het elektronisch pati\u00ebntendossier (EPD) kan ik pati\u00ebnten vinden die een terugroepimplantaat hebben?<\/h6>\n\n\n\n<p>Bij een recall ontvangt u van MRDM een lijst met pati\u00ebnten voor wie een terugroepimplantaat geregistreerd staat. U kunt met het pati\u00ebntnummer de pati\u00ebnt opzoeken in uw eigen EPD systeem. Het vinden van pati\u00ebnten met een terugroepimplantaat is afhankelijk van de inrichting van uw eigen EPD systeem. Vraag hierover advies binnen uw afdeling. Indien uw zorginstelling geen lijst van MRDM ontvangt, staan er voor uw instelling geen pati\u00ebnten geregistreerd in de DBIR met een terugroepimplantaat.<\/p>\n\n\n<\/div>\n\n","protected":false},"excerpt":{"rendered":"<p>Recall Wanneer moet een recall plaatsvinden? De DBIR recall is een proces waarbij een specifiek merk of type borstimplantaat wordt teruggeroepen vanwege veiligheidsrisico\u2019s of gezondheidsproblemen die kunnen ontstaan bij de gebruikers. De Inspectie van Gezondheidszorg en Jeugd (IGJ) houdt toezicht op de kwaliteit en veiligheid van borstimplantaten en ontvangt de signalen die aanleiding kunnen geven [&hellip;]<\/p>\n","protected":false},"author":1,"featured_media":0,"parent":615,"menu_order":0,"comment_status":"closed","ping_status":"closed","template":"page-wide.php","meta":{"_acf_changed":false,"footnotes":""},"page-category":[],"class_list":["post-10792","page","type-page","status-publish","hentry"],"acf":[],"_links":{"self":[{"href":"https:\/\/support.mrdm.com\/nl\/wp-json\/wp\/v2\/pages\/10792","targetHints":{"allow":["GET"]}}],"collection":[{"href":"https:\/\/support.mrdm.com\/nl\/wp-json\/wp\/v2\/pages"}],"about":[{"href":"https:\/\/support.mrdm.com\/nl\/wp-json\/wp\/v2\/types\/page"}],"author":[{"embeddable":true,"href":"https:\/\/support.mrdm.com\/nl\/wp-json\/wp\/v2\/users\/1"}],"replies":[{"embeddable":true,"href":"https:\/\/support.mrdm.com\/nl\/wp-json\/wp\/v2\/comments?post=10792"}],"version-history":[{"count":4,"href":"https:\/\/support.mrdm.com\/nl\/wp-json\/wp\/v2\/pages\/10792\/revisions"}],"predecessor-version":[{"id":10857,"href":"https:\/\/support.mrdm.com\/nl\/wp-json\/wp\/v2\/pages\/10792\/revisions\/10857"}],"up":[{"embeddable":true,"href":"https:\/\/support.mrdm.com\/nl\/wp-json\/wp\/v2\/pages\/615"}],"wp:attachment":[{"href":"https:\/\/support.mrdm.com\/nl\/wp-json\/wp\/v2\/media?parent=10792"}],"wp:term":[{"taxonomy":"page-category","embeddable":true,"href":"https:\/\/support.mrdm.com\/nl\/wp-json\/wp\/v2\/page-category?post=10792"}],"curies":[{"name":"wp","href":"https:\/\/api.w.org\/{rel}","templated":true}]}}