{"id":2186,"date":"2021-08-18T10:05:29","date_gmt":"2021-08-18T10:05:29","guid":{"rendered":"https:\/\/support.mrdm.com\/?page_id=2186"},"modified":"2023-06-23T11:25:43","modified_gmt":"2023-06-23T09:25:43","slug":"self-service-portaal","status":"publish","type":"page","link":"https:\/\/support.mrdm.com\/nl\/rivm\/gli\/self-service-portaal\/","title":{"rendered":"Self-service portaal"},"content":{"rendered":"\n<p>Als contactpersoon of zelfstandige GLI-behandelaar heeft u toegang tot het self-service portaal. Hier kunt u nieuwe organisaties aanmelden en zien of uw organisatie u al heeft geaccepteerd als contactpersoon. Ook kunnen hier EPD koppelingen worden aangemaakt. Ten slotte kunt u hier GLI-behandelaren of nieuwe contactpersonen uitnodigen en beheren.<\/p>\n\n\n\n<p>U krijgt automatisch toegang tot het self-service portaal als u zich aanmeldt als contactpersoon.<\/p>\n\n\n\n<p>In onderstaande webinar vindt u meer informatie over het aanmeldproces in het Self-service portaal.<\/p>\n\n\n\n<div class=\"wp-block-vimeo-embed\">\n  <iframe src=\"https:\/\/player.vimeo.com\/video\/793370662?color=00a1ac&#038;title=0&#038;byline=0&#038;portrait=0\" frameborder=\"0\" allow=\"autoplay; fullscreen\" allowfullscreen><\/iframe>\n<\/div>\n\n\n\n<h3 class=\"wp-block-heading\" id=\"organisaties\"><strong>Organisaties beheren<\/strong><\/h3>\n\n\n\n<div class=\"acf-collapsible-block\">\n  <div class=\"title txt-color-dark txt-hover-color-primary\" id=\"de-agb-code-van-de-organisatie-is-al-in-gebruik\">\n        De AGB-code van de organisatie is al in gebruik<span style=\"display: none;\">&#46;<\/span>      <\/div>\n  <div class=\"content\">\n    \n\n<p>Iemand anders binnen uw organisatie is de aanmeldprocedure al gestart. Vraag binnen uw organisatie wie dit is.<\/p>\n\n\n\n<p>Komt u er niet uit, neem dan contact op met de MRDM Servicedesk.<\/p>\n\n\n  <\/div>\n<\/div>\n\n\n\n<div class=\"acf-collapsible-block\">\n  <div class=\"title txt-color-dark txt-hover-color-primary\" id=\"wat-is-het-verschil-tussen-vestiging-en-onderneming\">\n        Wat is het verschil tussen vestiging en onderneming<span style=\"display: none;\">&#46;<\/span>      <\/div>\n  <div class=\"content\">\n    \n\n<p>Een onderneming kan \u00e9\u00e9n of meer vestigingen hebben waar zorgverleners werken. In het aanmeldproces wordt de entiteit \u2018onderneming\u2019 gebruikt. Deze informatie wordt gebruikt voor de overeenkomsten. De entiteit \u2018vestiging\u2019 wordt niet gebruikt.<\/p>\n\n\n  <\/div>\n<\/div>\n\n\n\n<div class=\"acf-collapsible-block\">\n  <div class=\"title txt-color-dark txt-hover-color-primary\" id=\"voeg-organisatie-toe\">\n        Voeg organisatie toe<span style=\"display: none;\">&#46;<\/span>      <\/div>\n  <div class=\"content\">\n    \n\n<ol class=\"wp-block-list\">\n<li>Log in op het&nbsp;<a rel=\"noreferrer noopener\" href=\"https:\/\/selfservice.mrdm.eu\/\" target=\"_blank\">Self-service portaal<\/a>.<\/li>\n\n\n\n<li>Klik op&nbsp;<strong><em>Koppel nieuwe organisatie<\/em><\/strong>.<\/li>\n\n\n\n<li>Voer de AGB-code in van de onderneming uit het AGB-register. Het is niet mogelijk een vestiging aan te melden.<\/li>\n\n\n\n<li>Controleer de opgehaalde data uit het AGB-register en selecteer de gewenste opties voor de organisatie (naam en het adres) via de dropdownmenu\u2019s.\n<ul class=\"wp-block-list\">\n<li>Klopt de data niet? Dien dan een wijzigingsverzoek in bij het&nbsp;<a rel=\"noreferrer noopener\" href=\"https:\/\/www.vektis.nl\/agb-register\/agb-wijzigen\" target=\"_blank\">Vektis AGB-register<\/a>&nbsp;en en start het koppelproces nadat de wijzigingen zijn doorgevoerd.<\/li>\n\n\n\n<li>Belangrijk: MRDM gebruikt de details uit het&nbsp;AGB-register voor het opstellen van de overeenkomsten. Het is niet mogelijk om deze later te wijzigen. Controleer de data dus goed.<\/li>\n<\/ul>\n<\/li>\n\n\n\n<li>Selecteer het e-mailadres van de organisatie via het dropdownmenu.\n<ul class=\"wp-block-list\">\n<li>Bij de controlestap ontvangt het gekozen e-mailadres een bevestigingsverzoek. Zorg er dus voor dat u toegang heeft tot dit e-mailadres of geef instructies aan de persoon binnen de organisatie die toegang heeft tot deze inbox.<\/li>\n\n\n\n<li>Staat er geen of een onjuist e-mailadres? Dien dan eerst een wijzigingsverzoek in voor het&nbsp;<a rel=\"noreferrer noopener\" href=\"https:\/\/www.vektis.nl\/agb-register\/agb-wijzigen\" target=\"_blank\">Vektis AGB-register<\/a>.<\/li>\n\n\n\n<li>Deze controlestap is niet nodig (automatische verificatie) als in het aanmeldproces hetzelfde e-mailadres wordt gebruikt als in het AGB-register. In dat geval is er namelijk al toegang tot de inbox van de organisatie en is een extra controle niet nodig.<\/li>\n<\/ul>\n<\/li>\n\n\n\n<li>Selecteer het electronisch patientendossier (EPD) dat gebruikt wordt in de organisatie.\n<ul class=\"wp-block-list\">\n<li>Op de&nbsp;<a href=\"https:\/\/www.rivm.nl\/onderwerpen\/gecombineerde-leefstijlinterventie\/gli-aanbieden\/gli-register\/elektronisch-patientendossier\">website<\/a>&nbsp;van het RIVM vindt u meer informatie over het aansluiten van EPD\u2019s op het GLI-register.<\/li>\n<\/ul>\n<\/li>\n<\/ol>\n\n\n\n<figure class=\"wp-block-image size-full\"><img loading=\"lazy\" decoding=\"async\" width=\"653\" height=\"451\" src=\"https:\/\/support.mrdm.com\/wp-content\/uploads\/2021\/10\/Add-HSP_R01_NL.png\" alt=\"\" class=\"wp-image-2652\" srcset=\"https:\/\/support.mrdm.com\/wp-content\/uploads\/2021\/10\/Add-HSP_R01_NL.png 653w, https:\/\/support.mrdm.com\/wp-content\/uploads\/2021\/10\/Add-HSP_R01_NL-300x207.png 300w\" sizes=\"auto, (max-width: 653px) 100vw, 653px\" \/><\/figure>\n\n\n  <\/div>\n<\/div>\n\n\n\n<div class=\"acf-collapsible-block\">\n  <div class=\"title txt-color-dark txt-hover-color-primary\" id=\"kan-ik-gli-gegevens-van-een-deelnemer-invoeren-samen-met-andere-gli-behandelaren\">\n        Kan ik GLI-gegevens van \u00e9\u00e9n deelnemer invoeren samen met andere GLI-behandelaren?      <\/div>\n  <div class=\"content\">\n    \n\n<p>GLI-behandelaren van verschillende organisaties kunnen samen \u00e9\u00e9n deelnemer behandelen. Het is niet wenselijk dat de gegevens van \u00e9\u00e9n deelnemer meerdere keren ingevoerd wordt. Dit zal namelijk leiden tot dubbele deelnemer data. In dit geval adviseren wij om onderling af te spreken wie van deze GLI-behandelaren de GLI-gegevens van de deelnemer in gaat voeren.<\/p>\n\n\n\n<p>U wijst dus \u00e9\u00e9n GLI-behandelaar aan die de gegevens van de GLI-deelnemers invoert namens uw behandelteam.<\/p>\n\n\n  <\/div>\n<\/div>\n\n\n\n<div style=\"height:20px\" aria-hidden=\"true\" class=\"wp-block-spacer\"><\/div>\n\n\n\n<h3 class=\"wp-block-heading\"><strong>Gebruikers beheren<\/strong><\/h3>\n\n\n\n<div class=\"acf-collapsible-block\">\n  <div class=\"title txt-color-dark txt-hover-color-primary\" id=\"uitnodigen-van-gebruikers\">\n        Uitnodigen van gebruikers<span style=\"display: none;\">&#46;<\/span>      <\/div>\n  <div class=\"content\">\n    \n\n<ol class=\"wp-block-list\">\n<li>Log in op het&nbsp;<a href=\"https:\/\/selfservice.mrdm.eu\/\">Self-service portaal<\/a>.<\/li>\n\n\n\n<li>Selecteer de organisatie waarvoor u een nieuwe gebruiker wilt uitnodigen.<\/li>\n\n\n\n<li>Klik op&nbsp;<strong><em>Gebruiker uitnodigen<\/em><\/strong>.<\/li>\n\n\n\n<li>U kunt gebruikers uitnodigen via een automatische e-mail of door zelf een link te sturen. Bijvoorbeeld via chat of sms.<\/li>\n\n\n\n<li>Een gebruiker kan het aanmeldformulier openen door op de uitnodigingslink te klikken.<\/li>\n<\/ol>\n\n\n\n<p>Belangrijk: deze uitnodigingslink is specifiek voor uw organisatie, deel de link niet met anderen.<\/p>\n\n\n\n<p>Ontvangt u een aanmelding van een gebruiker? Dan moet u deze aanmelding eerst bevestigen of weigeren. Na bevestiging heeft een gebruiker pas toegang.<\/p>\n\n\n\n<h3 class=\"wp-block-heading\">Aanmelding van iemand buiten de organisatie<\/h3>\n\n\n\n<p>Heeft iemand van buiten uw organisatie aanmeldlink ontvangen? Dan heeft deze persoon niet zomaar toegang tot uw registratie zonder uw toestemming. Weiger het aanmeldverzoek en neem contact op met de MRDM Servicedesk. MRDM blokkeert de huidige registratielink en stuurt u een nieuwe.<\/p>\n\n\n  <\/div>\n<\/div>\n\n\n\n<div class=\"acf-collapsible-block\">\n  <div class=\"title txt-color-dark txt-hover-color-primary\" id=\"beoordelen-nieuwe-aanmelding\">\n        Beoordelen nieuwe aanmelding<span style=\"display: none;\">&#46;<\/span>      <\/div>\n  <div class=\"content\">\n    \n\n<ol class=\"wp-block-list\">\n<li>Meldt een nieuwe gebruiker zich aan voor de organisatie? Dan ontvangt u als contactpersoon een e-mail.<\/li>\n\n\n\n<li>Log in op het&nbsp;<a href=\"https:\/\/selfservice.mrdm.eu\/\">Self-service portaal<\/a>.<\/li>\n\n\n\n<li>Selecteer uw organisatie waar de gebruiker zich heeft aangemeld.<\/li>\n\n\n\n<li>Klik op de knop\u00a0<strong><em>Wijzig status<\/em><\/strong>\u00a0bij de naam van de nieuwe gebruiker.\n<ul class=\"wp-block-list\">\n<li>Klik op&nbsp;<strong><em>Activeren<\/em><\/strong>&nbsp;om de aanmelding goed te keuren. De gebruiker krijgt dan toegang tot het register.<\/li>\n\n\n\n<li>Klik op&nbsp;<strong><em>Afkeuren<\/em><\/strong>&nbsp;om de aanmelding af te keuren.<\/li>\n<\/ul>\n<\/li>\n\n\n\n<li>Heeft u de status gewijzigd? Dan ontvangt de gebruiker een e-mail. Hierin staat ook waar ze kunnen inloggen in het register.<\/li>\n<\/ol>\n\n\n  <\/div>\n<\/div>\n\n\n\n<div class=\"acf-collapsible-block\">\n  <div class=\"title txt-color-dark txt-hover-color-primary\" id=\"ik-wil-een-account-van-een-gli-behandelaar-deactiveren-activeren\">\n        Ik wil een account van een GLI-behandelaar deactiveren\/activeren<span style=\"display: none;\">&#46;<\/span>      <\/div>\n  <div class=\"content\">\n    \n\n<p>De contactpersoon kan via het self-service portaal zelfstandig de status van de gebruikers wijzigen. Reeds geactiveerde gebruikers kunnen geblokkeerd en\/of wederom geactiveerd worden. De eventueel ingevoerde gegevens in het GLI-register blijven bewaard.<\/p>\n\n\n\n<ol class=\"wp-block-list\">\n<li>Log in op het&nbsp;<a rel=\"noreferrer noopener\" href=\"https:\/\/selfservice.mrdm.eu\/\" target=\"_blank\">Self-service portaal<\/a>.<\/li>\n\n\n\n<li>Klik op&nbsp;<strong>Wijzig status<\/strong>.<\/li>\n\n\n\n<li>Controleer of u de status wilt wijzigen en kies de gewenste actie:&nbsp;<strong>Stopzetten\/Activeren.<\/strong><\/li>\n\n\n\n<li>Heeft u de status gewijzigd?\n<ul class=\"wp-block-list\">\n<li>Bij&nbsp;<strong>Activeren<\/strong>&nbsp;ontvangt de gebruiker een e-mail. Hierin staat ook waar ze kunnen inloggen in het register.<\/li>\n\n\n\n<li>Bij&nbsp;<strong>Stopzetten<\/strong>&nbsp;ontvangt de gebruiker ook een e-mail. Hierin staat dat het register niet meer toegankelijk is.<\/li>\n<\/ul>\n<\/li>\n<\/ol>\n\n\n\n<p><\/p>\n\n\n  <\/div>\n<\/div>\n\n\n\n<div class=\"acf-collapsible-block\">\n  <div class=\"title txt-color-dark txt-hover-color-primary\" id=\"een-andere-gli-behandelaar-binnen-mijn-praktijk-neemt-mijn-gli-deelnemers-en-groepen-over\">\n        Een andere GLI-behandelaar binnen mijn praktijk neemt mijn GLI-deelnemers en -groepen over<span style=\"display: none;\">&#46;<\/span>      <\/div>\n  <div class=\"content\">\n    \n\n<p>Stopt u definitief met het behandelen van de GLI-deelnemers en neemt een collega de deelnemers over? Dan kunt u een verzoek indienen bij de MRDM Servicedesk om de gegevens te laten migreren.<\/p>\n\n\n\n<p>Stuur hiervoor een verzoek per e-mail naar&nbsp;<a href=\"mailto:servicedesk@mrdm.nl\">servicedesk@mrdm.nl<\/a>. Vermeldt in de e-mail uw persoonlijke AGB-code en de AGB-code van de collega die uw deelnemers overneemt.<\/p>\n\n\n  <\/div>\n<\/div>\n","protected":false},"excerpt":{"rendered":"<p>Als contactpersoon of zelfstandige GLI-behandelaar heeft u toegang tot het self-service portaal. Hier kunt u nieuwe organisaties aanmelden en zien of uw organisatie u al heeft geaccepteerd als contactpersoon. Ook kunnen hier EPD koppelingen worden aangemaakt. Ten slotte kunt u hier GLI-behandelaren of nieuwe contactpersonen uitnodigen en beheren. U krijgt automatisch toegang tot het self-service [&hellip;]<\/p>\n","protected":false},"author":1,"featured_media":0,"parent":2165,"menu_order":0,"comment_status":"closed","ping_status":"closed","template":"","meta":{"_acf_changed":false,"footnotes":""},"page-category":[],"class_list":["post-2186","page","type-page","status-publish","hentry"],"acf":[],"_links":{"self":[{"href":"https:\/\/support.mrdm.com\/nl\/wp-json\/wp\/v2\/pages\/2186","targetHints":{"allow":["GET"]}}],"collection":[{"href":"https:\/\/support.mrdm.com\/nl\/wp-json\/wp\/v2\/pages"}],"about":[{"href":"https:\/\/support.mrdm.com\/nl\/wp-json\/wp\/v2\/types\/page"}],"author":[{"embeddable":true,"href":"https:\/\/support.mrdm.com\/nl\/wp-json\/wp\/v2\/users\/1"}],"replies":[{"embeddable":true,"href":"https:\/\/support.mrdm.com\/nl\/wp-json\/wp\/v2\/comments?post=2186"}],"version-history":[{"count":15,"href":"https:\/\/support.mrdm.com\/nl\/wp-json\/wp\/v2\/pages\/2186\/revisions"}],"predecessor-version":[{"id":9223,"href":"https:\/\/support.mrdm.com\/nl\/wp-json\/wp\/v2\/pages\/2186\/revisions\/9223"}],"up":[{"embeddable":true,"href":"https:\/\/support.mrdm.com\/nl\/wp-json\/wp\/v2\/pages\/2165"}],"wp:attachment":[{"href":"https:\/\/support.mrdm.com\/nl\/wp-json\/wp\/v2\/media?parent=2186"}],"wp:term":[{"taxonomy":"page-category","embeddable":true,"href":"https:\/\/support.mrdm.com\/nl\/wp-json\/wp\/v2\/page-category?post=2186"}],"curies":[{"name":"wp","href":"https:\/\/api.w.org\/{rel}","templated":true}]}}