{"id":3402,"date":"2022-04-12T13:19:36","date_gmt":"2022-04-12T13:19:36","guid":{"rendered":"https:\/\/support.mrdm.com\/?page_id=3402"},"modified":"2025-10-06T11:41:37","modified_gmt":"2025-10-06T09:41:37","slug":"dlca-l","status":"publish","type":"page","link":"https:\/\/support.mrdm.com\/nl\/dica\/dlca-l\/","title":{"rendered":"DLCA-L"},"content":{"rendered":"\n<div class=\"wp-block-group has-rounded-corners-4 has-org-color-10-background-color has-background\" style=\"padding-top:48px;padding-right:48px;padding-bottom:48px;padding-left:48px\"><div class=\"wp-block-group__inner-container is-layout-flow wp-block-group-is-layout-flow\">\n<div class=\"acf-block-outcome-set-header\">\n  <div class=\"title\">\n    <h1>DLCA-L<span><\/span><\/h1>\n  <\/div>\n    <div class=\"logo\">\n    <img decoding=\"async\" src=\"https:\/\/support.mrdm.com\/wp-content\/uploads\/2024\/03\/DICA_logo_small.png\" alt=\"Logo\"\/>\n  <\/div>\n  <\/div>\n\n\n\n<p>De DLCA-L is \u00e9\u00e9n van de drie subregistraties vanuit de DLCA. Deze audit registreert de resultaten van pati\u00ebnten met een primaire longmaligniteit, ongeacht het stadium van de ziekte die gezien worden door een longarts. De DLCA-L is in 2016 opgezet door de Nederlandse Vereniging van Longartsen (NVALT).<br><br>Meer informatie over de DLCA is <a href=\"https:\/\/dica.nl\/registratie\/longkanker-dlca\/\" data-type=\"link\" data-id=\"https:\/\/dica.nl\/registratie\/longkanker-dlca\/\">hier <\/a>beschikbaar.<\/p>\n\n\n\n<div class=\"acf-block-outcome-sets-overview cols-3\">\n  <ul>\n  \n          <li class=\"current\"><span><span>DLCA-L<\/span><span class=\"label\"><\/span><span class=\"icon\">arrow_forward<\/span><\/span><\/li>\n\n    \n  \n          <li ><a href=\"https:\/\/support.mrdm.com\/nl\/dica\/dlca-r\/\"><span>DLCA-R<\/span><span class=\"label\"><\/span><span class=\"icon\">arrow_forward<\/span><\/a><\/li>\n    \n  \n          <li ><a href=\"https:\/\/support.mrdm.com\/nl\/dica\/dlca-s\/\"><span>DLCA-S<\/span><span class=\"label\"><\/span><span class=\"icon\">arrow_forward<\/span><\/a><\/li>\n    \n    <\/ul>\n<\/div>\n\n<\/div><\/div>\n\n\n\n<div class=\"acf-block-topic-blocks\">\n\n    \n                <div class=\"topic-block\">\n                  <div class=\"content\">\n                    <a class=\"link\" href=\"https:\/\/support.mrdm.com\/nl\/aanmelden\/?org=dica&#038;set=dlca-l\"><\/a>\n                    <i class=\"txt-color-primary\">edit<\/i>\n                    <h3>Organisatie aanmelden<\/h3>\n                    <p>Uw organisatie aanmelden voor deze registratie<\/p>\n                    <ul>\n                      <li class=\"page_item\"><a class=\"txt-color-primary txt-hover bg-color-white bg-hover\" href=\"https:\/\/support.mrdm.com\/nl\/aanmelden\/aanmelden\/?org=dica&#038;set=dlca-l\">Aanmelden<\/a><\/li><li class=\"page_item\"><a class=\"txt-color-primary txt-hover bg-color-white bg-hover\" href=\"https:\/\/support.mrdm.com\/nl\/aanmelden\/algemene-informatie\/?org=dica&#038;set=dlca-l\">Algemene informatie<\/a><\/li>                    <\/ul>\n                  <\/div>\n                  <span class=\"label\">Algemeen<\/span>\n                <\/div>\n\n            \n                <div class=\"topic-block\">\n                  <div class=\"content\">\n                    <a class=\"link\" href=\"https:\/\/support.mrdm.com\/nl\/account\/?org=dica&#038;set=dlca-l\"><\/a>\n                    <i class=\"txt-color-primary\">account_circle<\/i>\n                    <h3>Account<\/h3>\n                    <p>Account aanvragen, inloggen en authenticatie<\/p>\n                    <ul>\n                      <li class=\"page_item\"><a class=\"txt-color-primary txt-hover bg-color-white bg-hover\" href=\"https:\/\/support.mrdm.com\/nl\/account\/ik-wil-een-account\/?org=dica&#038;set=dlca-l\">Ik wil een account<\/a><\/li><li class=\"page_item\"><a class=\"txt-color-primary txt-hover bg-color-white bg-hover\" href=\"https:\/\/support.mrdm.com\/nl\/account\/my-account\/?org=dica&#038;set=dlca-l\">My Account<\/a><\/li><li class=\"page_item\"><a class=\"txt-color-primary txt-hover bg-color-white bg-hover\" href=\"https:\/\/support.mrdm.com\/nl\/account\/inloggen-en-authenticatie-2-0\/?org=dica&#038;set=dlca-l\">Inloggen en authenticatie<\/a><\/li><li class=\"page_item\"><a class=\"txt-color-primary txt-hover bg-color-white bg-hover\" href=\"https:\/\/support.mrdm.com\/nl\/account\/single-sign-on-sso\/?org=dica&#038;set=dlca-l\">Single Sign-On (SSO)<\/a><\/li><li class=\"page_item\"><a class=\"txt-color-primary txt-hover bg-color-white bg-hover\" href=\"https:\/\/support.mrdm.com\/nl\/account\/veelgestelde-vragen\/?org=dica&#038;set=dlca-l\">Veelgestelde vragen<\/a><\/li>                    <\/ul>\n                  <\/div>\n                  <span class=\"label\">Algemeen<\/span>\n                <\/div>\n\n            \n                <div class=\"topic-block\">\n                  <div class=\"content\">\n                    <a class=\"link\" href=\"https:\/\/support.mrdm.com\/nl\/self-service-portaal\/?org=dica&#038;set=dlca-l\"><\/a>\n                    <i class=\"txt-color-primary\">manage_accounts<\/i>\n                    <h3>Self-Service Portaal<\/h3>\n                    <p>Eenvoudig toegang verlenen aan collega&#8217;s voor MRDM applicaties en registraties<\/p>\n                    <ul>\n                      <li class=\"page_item\"><a class=\"txt-color-primary txt-hover bg-color-white bg-hover\" href=\"https:\/\/support.mrdm.com\/nl\/self-service-portaal\/organisatie-beheerders-admins\/?org=dica&#038;set=dlca-l\">Organisatie Beheerders (admins)<\/a><\/li><li class=\"page_item\"><a class=\"txt-color-primary txt-hover bg-color-white bg-hover\" href=\"https:\/\/support.mrdm.com\/nl\/self-service-portaal\/rollen-contact-persoon-vs-beheerder\/?org=dica&#038;set=dlca-l\">Rollen: contact persoon vs. beheerder<\/a><\/li><li class=\"page_item\"><a class=\"txt-color-primary txt-hover bg-color-white bg-hover\" href=\"https:\/\/support.mrdm.com\/nl\/self-service-portaal\/veelgestelde-vragen\/?org=dica&#038;set=dlca-l\">Veelgestelde vragen<\/a><\/li>                    <\/ul>\n                  <\/div>\n                  <span class=\"label\">Algemeen<\/span>\n                <\/div>\n\n            \n                <div class=\"topic-block\">\n                  <div class=\"content\">\n                    <a class=\"link\" href=\"https:\/\/support.mrdm.com\/nl\/downloads\/?org=dica&#038;set=dlca-l\"><\/a>\n                    <i class=\"txt-color-primary\">file_download<\/i>\n                    <h3>Downloads<\/h3>\n                    <p>Data dictionaries, XSD, CRF, XML<\/p>\n                    <ul>\n                      <li class=\"page_item\"><a class=\"txt-color-primary txt-hover bg-color-white bg-hover\" href=\"https:\/\/support.mrdm.com\/nl\/downloads\/documenten\/?org=dica&#038;set=dlca-l\">Documenten<\/a><\/li><li class=\"page_item\"><a class=\"txt-color-primary txt-hover bg-color-white bg-hover\" href=\"https:\/\/support.mrdm.com\/nl\/downloads\/versienummering\/?org=dica&#038;set=dlca-l\">Versienummering<\/a><\/li><li class=\"page_item\"><a class=\"txt-color-primary txt-hover bg-color-white bg-hover\" href=\"https:\/\/support.mrdm.com\/nl\/downloads\/document-types\/?org=dica&#038;set=dlca-l\">Document types<\/a><\/li>                    <\/ul>\n                  <\/div>\n                  <span class=\"label\">Downloads<\/span>\n                <\/div>\n\n            \n                <div class=\"topic-block\">\n                  <div class=\"content\">\n                    <a class=\"link\" href=\"https:\/\/support.mrdm.com\/nl\/dataentry\/?org=dica&#038;set=dlca-l\"><\/a>\n                    <i class=\"txt-color-primary\">wysiwyg<\/i>\n                    <h3>DataEntry<\/h3>\n                    <p>Handmatig gegevens registreren<\/p>\n                    <ul>\n                      <li class=\"page_item\"><a class=\"txt-color-primary txt-hover bg-color-white bg-hover\" href=\"https:\/\/support.mrdm.com\/nl\/dataentry\/handleiding\/?org=dica&#038;set=dlca-l\">Handleiding<\/a><\/li><li class=\"page_item\"><a class=\"txt-color-primary txt-hover bg-color-white bg-hover\" href=\"https:\/\/support.mrdm.com\/nl\/dataentry\/veelgestelde-vragen\/?org=dica&#038;set=dlca-l\">Veelgestelde vragen<\/a><\/li><li class=\"page_item\"><a class=\"txt-color-primary txt-hover bg-color-white bg-hover\" href=\"https:\/\/support.mrdm.com\/nl\/dataentry\/export\/?org=dica&#038;set=dlca-l\">Export<\/a><\/li><li class=\"page_item\"><a class=\"txt-color-primary txt-hover bg-color-white bg-hover\" href=\"https:\/\/support.mrdm.com\/nl\/dataentry\/internet-browser-ondersteuning\/?org=dica&#038;set=dlca-l\">Internet browser ondersteuning<\/a><\/li>                    <\/ul>\n                  <\/div>\n                  <span class=\"label\">Data verzamelen<\/span>\n                <\/div>\n\n            \n                <div class=\"topic-block\">\n                  <div class=\"content\">\n                    <a class=\"link\" href=\"https:\/\/support.mrdm.com\/nl\/batch\/?org=dica&#038;set=dlca-l\"><\/a>\n                    <i class=\"txt-color-primary\">settings<\/i>\n                    <h3>Batch<\/h3>\n                    <p>Data aanleveren per batch upload<\/p>\n                    <ul>\n                      <li class=\"page_item open\"><a class=\"txt-color-primary txt-hover bg-color-white bg-hover\" href=\"https:\/\/support.mrdm.com\/nl\/batch\/handleiding\/?org=dica&#038;set=dlca-l\">Handleiding<\/a><\/li><li class=\"page_item\"><a class=\"txt-color-primary txt-hover bg-color-white bg-hover\" href=\"https:\/\/support.mrdm.com\/nl\/batch\/data-connect\/?org=dica&#038;set=dlca-l\">Data Connect<\/a><\/li><li class=\"page_item\"><a class=\"txt-color-primary txt-hover bg-color-white bg-hover\" href=\"https:\/\/support.mrdm.com\/nl\/batch\/veelgestelde-vragen\/?org=dica&#038;set=dlca-l\">Veelgestelde vragen<\/a><\/li>                    <\/ul>\n                  <\/div>\n                  <span class=\"label\">Data verzamelen<\/span>\n                <\/div>\n\n            \n                <div class=\"topic-block\">\n                  <div class=\"content\">\n                    <a class=\"link\" href=\"https:\/\/support.mrdm.com\/nl\/transparantieportaalzorg\/?org=dica&#038;set=dlca-l\"><\/a>\n                    <i class=\"txt-color-primary\">visibility<\/i>\n                    <h3>Transparantieportaal Zorg<\/h3>\n                    <p>Eenvoudig informatie over de kwaliteit van zorg delen met externe partijen<\/p>\n                    <ul>\n                      <li class=\"page_item\"><a class=\"txt-color-primary txt-hover bg-color-white bg-hover\" href=\"https:\/\/support.mrdm.com\/nl\/transparantieportaalzorg\/planning\/?org=dica&#038;set=dlca-l\">Planning<\/a><\/li><li class=\"page_item\"><a class=\"txt-color-primary txt-hover bg-color-white bg-hover\" href=\"https:\/\/support.mrdm.com\/nl\/transparantieportaalzorg\/introductie\/?org=dica&#038;set=dlca-l\">Introductie<\/a><\/li><li class=\"page_item\"><a class=\"txt-color-primary txt-hover bg-color-white bg-hover\" href=\"https:\/\/support.mrdm.com\/nl\/transparantieportaalzorg\/indicatorenrapportages\/?org=dica&#038;set=dlca-l\">Kwaliteitsinformatie: indicatoren<\/a><\/li><li class=\"page_item\"><a class=\"txt-color-primary txt-hover bg-color-white bg-hover\" href=\"https:\/\/support.mrdm.com\/nl\/transparantieportaalzorg\/autorisatiematrix\/?org=dica&#038;set=dlca-l\">Autorisatiematrix<\/a><\/li><li class=\"page_item\"><a class=\"txt-color-primary txt-hover bg-color-white bg-hover\" href=\"https:\/\/support.mrdm.com\/nl\/transparantieportaalzorg\/veelgestelde-vragen\/?org=dica&#038;set=dlca-l\">Veelgestelde vragen<\/a><\/li>                    <\/ul>\n                  <\/div>\n                  <span class=\"label\">Algemeen<\/span>\n                <\/div>\n\n            \n                <div class=\"topic-block\">\n                  <div class=\"content\">\n                    <a class=\"link\" href=\"https:\/\/support.mrdm.com\/nl\/codman\/?org=dica&#038;set=dlca-l\"><\/a>\n                    <i class=\"txt-color-primary\">analytics<\/i>\n                    <h3>Codman<\/h3>\n                    <p>Dashboards die inzichten over kwaliteit van de zorg cre\u00ebren <\/p>\n                    <ul>\n                      <li class=\"page_item\"><a class=\"txt-color-primary txt-hover bg-color-white bg-hover\" href=\"https:\/\/support.mrdm.com\/nl\/codman\/algemene-informatie\/?org=dica&#038;set=dlca-l\">Algemene informatie<\/a><\/li><li class=\"page_item\"><a class=\"txt-color-primary txt-hover bg-color-white bg-hover\" href=\"https:\/\/support.mrdm.com\/nl\/codman\/registratieportaal\/?org=dica&#038;set=dlca-l\">Registratieportaal<\/a><\/li><li class=\"page_item\"><a class=\"txt-color-primary txt-hover bg-color-white bg-hover\" href=\"https:\/\/support.mrdm.com\/nl\/codman\/indicatoren\/?org=dica&#038;set=dlca-l\">Indicatoren<\/a><\/li><li class=\"page_item\"><a class=\"txt-color-primary txt-hover bg-color-white bg-hover\" href=\"https:\/\/support.mrdm.com\/nl\/codman\/beschrijvingen\/?org=dica&#038;set=dlca-l\">Beschrijvingen<\/a><\/li><li class=\"page_item\"><a class=\"txt-color-primary txt-hover bg-color-white bg-hover\" href=\"https:\/\/support.mrdm.com\/nl\/codman\/exploratief\/?org=dica&#038;set=dlca-l\">Exploratief<\/a><\/li><li class=\"page_item\"><a class=\"txt-color-primary txt-hover bg-color-white bg-hover\" href=\"https:\/\/support.mrdm.com\/nl\/codman\/overview\/?org=dica&#038;set=dlca-l\">Overview<\/a><\/li><li class=\"page_item\"><a class=\"txt-color-primary txt-hover bg-color-white bg-hover\" href=\"https:\/\/support.mrdm.com\/nl\/codman\/codman-geneesmiddelen\/?org=dica&#038;set=dlca-l\">Codman Geneesmiddelen<\/a><\/li><li class=\"page_item\"><a class=\"txt-color-primary txt-hover bg-color-white bg-hover\" href=\"https:\/\/support.mrdm.com\/nl\/codman\/codman-connect\/?org=dica&#038;set=dlca-l\">Codman Connect<\/a><\/li><li class=\"page_item\"><a class=\"txt-color-primary txt-hover bg-color-white bg-hover\" href=\"https:\/\/support.mrdm.com\/nl\/codman\/veelgestelde-vragen\/?org=dica&#038;set=dlca-l\">Veelgestelde vragen<\/a><\/li><li class=\"page_item\"><a class=\"txt-color-primary txt-hover bg-color-white bg-hover\" href=\"https:\/\/support.mrdm.com\/nl\/codman\/videos\/?org=dica&#038;set=dlca-l\">Instructievideo&#8217;s<\/a><\/li>                    <\/ul>\n                  <\/div>\n                  <span class=\"label\">Rapporteren<\/span>\n                <\/div>\n\n            \n                <div class=\"topic-block\">\n                  <div class=\"content\">\n                    <a class=\"link\" href=\"https:\/\/support.mrdm.com\/nl\/dataverificatie\/?org=dica&#038;set=dlca-l\"><\/a>\n                    <i class=\"txt-color-primary\">verified<\/i>\n                    <h3>Dataverificatie<\/h3>\n                    <p>Kwaliteit van klinische registraties verbeteren<\/p>\n                    <ul>\n                      <li class=\"page_item\"><a class=\"txt-color-primary txt-hover bg-color-white bg-hover\" href=\"https:\/\/support.mrdm.com\/nl\/dataverificatie\/algemene-informatie\/?org=dica&#038;set=dlca-l\">Algemene informatie<\/a><\/li>                    <\/ul>\n                  <\/div>\n                  <span class=\"label\">Data verwerken<\/span>\n                <\/div>\n\n            \n                <div class=\"topic-block\">\n                  <div class=\"content\">\n                    <a class=\"link\" href=\"https:\/\/support.mrdm.com\/nl\/registratie-specifieke-vragen\/?org=dica&#038;set=dlca-l\"><\/a>\n                    <i class=\"txt-color-primary\">medical_information<\/i>\n                    <h3>Registratie specifieke vragen<\/h3>\n                    <p>Een overzicht van veelgestelde registratie specifieke vragen<\/p>\n                    <ul>\n                      <li class=\"page_item\"><a class=\"txt-color-primary txt-hover bg-color-white bg-hover\" href=\"https:\/\/support.mrdm.com\/nl\/registratie-specifieke-vragen\/veelgestelde-vragen-dlca-l\/?org=dica&#038;set=dlca-l\">Veelgestelde vragen DLCA-L<\/a><\/li>                    <\/ul>\n                  <\/div>\n                  <span class=\"label\">Algemeen<\/span>\n                <\/div>\n\n            \n                <div class=\"topic-block\">\n                  <div class=\"content\">\n                    <a class=\"link\" href=\"https:\/\/support.mrdm.com\/nl\/koppelingen\/?org=dica&#038;set=dlca-l\"><\/a>\n                    <i class=\"txt-color-primary\">link<\/i>\n                    <h3>Koppelingen<\/h3>\n                    <p>Geautomatiseerde aansluiting van externe bronnen voor een (pre)fill in kwaliteitsregistraties<\/p>\n                    <ul>\n                      <li class=\"page_item\"><a class=\"txt-color-primary txt-hover bg-color-white bg-hover\" href=\"https:\/\/support.mrdm.com\/nl\/koppelingen\/evs\/?org=dica&#038;set=dlca-l\">EVS<\/a><\/li>                    <\/ul>\n                  <\/div>\n                  <span class=\"label\">Data verzamelen<\/span>\n                <\/div>\n\n            <\/div>\n\n\n\n<p><\/p>\n","protected":false},"excerpt":{"rendered":"<p>De DLCA-L is \u00e9\u00e9n van de drie subregistraties vanuit de DLCA. Deze audit registreert de resultaten van pati\u00ebnten met een primaire longmaligniteit, ongeacht het stadium van de ziekte die gezien worden door een longarts. De DLCA-L is in 2016 opgezet door de Nederlandse Vereniging van Longartsen (NVALT). Meer informatie over de DLCA is hier beschikbaar.<\/p>\n","protected":false},"author":2,"featured_media":0,"parent":595,"menu_order":0,"comment_status":"closed","ping_status":"closed","template":"page-wide.php","meta":{"_acf_changed":false,"footnotes":""},"page-category":[18],"class_list":["post-3402","page","type-page","status-publish","hentry","page-category-outcome-set"],"acf":[],"_links":{"self":[{"href":"https:\/\/support.mrdm.com\/nl\/wp-json\/wp\/v2\/pages\/3402","targetHints":{"allow":["GET"]}}],"collection":[{"href":"https:\/\/support.mrdm.com\/nl\/wp-json\/wp\/v2\/pages"}],"about":[{"href":"https:\/\/support.mrdm.com\/nl\/wp-json\/wp\/v2\/types\/page"}],"author":[{"embeddable":true,"href":"https:\/\/support.mrdm.com\/nl\/wp-json\/wp\/v2\/users\/2"}],"replies":[{"embeddable":true,"href":"https:\/\/support.mrdm.com\/nl\/wp-json\/wp\/v2\/comments?post=3402"}],"version-history":[{"count":53,"href":"https:\/\/support.mrdm.com\/nl\/wp-json\/wp\/v2\/pages\/3402\/revisions"}],"predecessor-version":[{"id":11478,"href":"https:\/\/support.mrdm.com\/nl\/wp-json\/wp\/v2\/pages\/3402\/revisions\/11478"}],"up":[{"embeddable":true,"href":"https:\/\/support.mrdm.com\/nl\/wp-json\/wp\/v2\/pages\/595"}],"wp:attachment":[{"href":"https:\/\/support.mrdm.com\/nl\/wp-json\/wp\/v2\/media?parent=3402"}],"wp:term":[{"taxonomy":"page-category","embeddable":true,"href":"https:\/\/support.mrdm.com\/nl\/wp-json\/wp\/v2\/page-category?post=3402"}],"curies":[{"name":"wp","href":"https:\/\/api.w.org\/{rel}","templated":true}]}}