{"id":8350,"date":"2023-02-06T09:08:31","date_gmt":"2023-02-06T08:08:31","guid":{"rendered":"https:\/\/support.mrdm.com\/?page_id=8350"},"modified":"2025-10-06T11:44:13","modified_gmt":"2025-10-06T09:44:13","slug":"dnma","status":"publish","type":"page","link":"https:\/\/support.mrdm.com\/nl\/dica\/dnma\/","title":{"rendered":"DNMA (neuromodulatie)"},"content":{"rendered":"\n<div class=\"wp-block-group has-rounded-corners-4 has-org-color-10-background-color has-background\" style=\"padding-top:48px;padding-right:48px;padding-bottom:48px;padding-left:48px\"><div class=\"wp-block-group__inner-container is-layout-flow wp-block-group-is-layout-flow\">\n<div class=\"acf-block-outcome-set-header\">\n  <div class=\"title\">\n    <h1>DNMA (neuromodulatie)<span><\/span><\/h1>\n  <\/div>\n    <div class=\"logo\">\n    <img decoding=\"async\" src=\"https:\/\/support.mrdm.com\/wp-content\/uploads\/2024\/03\/DICA_logo_small.png\" alt=\"Logo\"\/>\n  <\/div>\n  <\/div>\n\n\n\n<p><strong>DICA neuromodulatie (Dutch NeuroModulation Audit)<\/strong><\/p>\n\n\n\n<p>DICA werkt samen met de Nederlandse Vereniging voor Anesthesiologie voor de doorontwikkeling van deze kwaliteitsregistratie rondom het gebruik van de neuromodulatie behandeling bij honderen pati\u00ebnten met chronische pijn. Met de informatie uit deze kwaliteitsregistratie kan de kwaliteit van pati\u00ebntenzorg verder geoptimaliseerd worden, via uitkomstinformatie voor pati\u00ebnten, verbeterinformatie voor professionals en zorgevaluatie-informatie voor richtlijnherziening en beleidsontwikkeling.\u00a0<br><br>Meer informatie over de DNMA is <a href=\"https:\/\/dica.nl\/registratie\/neuromodulatie-dnma\/\" data-type=\"link\" data-id=\"https:\/\/dica.nl\/registratie\/neuromodulatie-dnma\/\">hier <\/a>beschikbaar.<\/p>\n<\/div><\/div>\n\n\n\n<div class=\"acf-block-topic-blocks\">\n\n    \n                <div class=\"topic-block\">\n                  <div class=\"content\">\n                    <a class=\"link\" href=\"https:\/\/support.mrdm.com\/nl\/aanmelden\/?org=dica&#038;set=dnma\"><\/a>\n                    <i class=\"txt-color-primary\">edit<\/i>\n                    <h3>Organisatie aanmelden<\/h3>\n                    <p>Uw organisatie aanmelden voor deze registratie<\/p>\n                    <ul>\n                      <li class=\"page_item\"><a class=\"txt-color-primary txt-hover bg-color-white bg-hover\" href=\"https:\/\/support.mrdm.com\/nl\/aanmelden\/aanmelden\/?org=dica&#038;set=dnma\">Aanmelden<\/a><\/li><li class=\"page_item\"><a class=\"txt-color-primary txt-hover bg-color-white bg-hover\" href=\"https:\/\/support.mrdm.com\/nl\/aanmelden\/algemene-informatie\/?org=dica&#038;set=dnma\">Algemene informatie<\/a><\/li>                    <\/ul>\n                  <\/div>\n                  <span class=\"label\">Algemeen<\/span>\n                <\/div>\n\n            \n                <div class=\"topic-block\">\n                  <div class=\"content\">\n                    <a class=\"link\" href=\"https:\/\/support.mrdm.com\/nl\/account\/?org=dica&#038;set=dnma\"><\/a>\n                    <i class=\"txt-color-primary\">account_circle<\/i>\n                    <h3>Account<\/h3>\n                    <p>Account aanvragen, inloggen en authenticatie<\/p>\n                    <ul>\n                      <li class=\"page_item\"><a class=\"txt-color-primary txt-hover bg-color-white bg-hover\" href=\"https:\/\/support.mrdm.com\/nl\/account\/ik-wil-een-account\/?org=dica&#038;set=dnma\">Ik wil een account<\/a><\/li><li class=\"page_item\"><a class=\"txt-color-primary txt-hover bg-color-white bg-hover\" href=\"https:\/\/support.mrdm.com\/nl\/account\/my-account\/?org=dica&#038;set=dnma\">My Account<\/a><\/li><li class=\"page_item\"><a class=\"txt-color-primary txt-hover bg-color-white bg-hover\" href=\"https:\/\/support.mrdm.com\/nl\/account\/inloggen-en-authenticatie-2-0\/?org=dica&#038;set=dnma\">Inloggen en authenticatie<\/a><\/li><li class=\"page_item\"><a class=\"txt-color-primary txt-hover bg-color-white bg-hover\" href=\"https:\/\/support.mrdm.com\/nl\/account\/single-sign-on-sso\/?org=dica&#038;set=dnma\">Single Sign-On (SSO)<\/a><\/li><li class=\"page_item\"><a class=\"txt-color-primary txt-hover bg-color-white bg-hover\" href=\"https:\/\/support.mrdm.com\/nl\/account\/veelgestelde-vragen\/?org=dica&#038;set=dnma\">Veelgestelde vragen<\/a><\/li>                    <\/ul>\n                  <\/div>\n                  <span class=\"label\">Algemeen<\/span>\n                <\/div>\n\n            \n                <div class=\"topic-block\">\n                  <div class=\"content\">\n                    <a class=\"link\" href=\"https:\/\/support.mrdm.com\/nl\/self-service-portaal\/?org=dica&#038;set=dnma\"><\/a>\n                    <i class=\"txt-color-primary\">manage_accounts<\/i>\n                    <h3>Self-Service Portaal<\/h3>\n                    <p>Eenvoudig toegang verlenen aan collega&#8217;s voor MRDM applicaties en registraties<\/p>\n                    <ul>\n                      <li class=\"page_item\"><a class=\"txt-color-primary txt-hover bg-color-white bg-hover\" href=\"https:\/\/support.mrdm.com\/nl\/self-service-portaal\/organisatie-beheerders-admins\/?org=dica&#038;set=dnma\">Organisatie Beheerders (admins)<\/a><\/li><li class=\"page_item\"><a class=\"txt-color-primary txt-hover bg-color-white bg-hover\" href=\"https:\/\/support.mrdm.com\/nl\/self-service-portaal\/rollen-contact-persoon-vs-beheerder\/?org=dica&#038;set=dnma\">Rollen: contact persoon vs. beheerder<\/a><\/li><li class=\"page_item\"><a class=\"txt-color-primary txt-hover bg-color-white bg-hover\" href=\"https:\/\/support.mrdm.com\/nl\/self-service-portaal\/veelgestelde-vragen\/?org=dica&#038;set=dnma\">Veelgestelde vragen<\/a><\/li>                    <\/ul>\n                  <\/div>\n                  <span class=\"label\">Algemeen<\/span>\n                <\/div>\n\n            \n                <div class=\"topic-block\">\n                  <div class=\"content\">\n                    <a class=\"link\" href=\"https:\/\/support.mrdm.com\/nl\/downloads\/?org=dica&#038;set=dnma\"><\/a>\n                    <i class=\"txt-color-primary\">file_download<\/i>\n                    <h3>Downloads<\/h3>\n                    <p>Data dictionaries, XSD, CRF, XML<\/p>\n                    <ul>\n                      <li class=\"page_item\"><a class=\"txt-color-primary txt-hover bg-color-white bg-hover\" href=\"https:\/\/support.mrdm.com\/nl\/downloads\/documenten\/?org=dica&#038;set=dnma\">Documenten<\/a><\/li><li class=\"page_item\"><a class=\"txt-color-primary txt-hover bg-color-white bg-hover\" href=\"https:\/\/support.mrdm.com\/nl\/downloads\/versienummering\/?org=dica&#038;set=dnma\">Versienummering<\/a><\/li><li class=\"page_item\"><a class=\"txt-color-primary txt-hover bg-color-white bg-hover\" href=\"https:\/\/support.mrdm.com\/nl\/downloads\/document-types\/?org=dica&#038;set=dnma\">Document types<\/a><\/li>                    <\/ul>\n                  <\/div>\n                  <span class=\"label\">Downloads<\/span>\n                <\/div>\n\n            \n                <div class=\"topic-block\">\n                  <div class=\"content\">\n                    <a class=\"link\" href=\"https:\/\/support.mrdm.com\/nl\/dataentry\/?org=dica&#038;set=dnma\"><\/a>\n                    <i class=\"txt-color-primary\">wysiwyg<\/i>\n                    <h3>DataEntry<\/h3>\n                    <p>Handmatig gegevens registreren<\/p>\n                    <ul>\n                      <li class=\"page_item\"><a class=\"txt-color-primary txt-hover bg-color-white bg-hover\" href=\"https:\/\/support.mrdm.com\/nl\/dataentry\/handleiding\/?org=dica&#038;set=dnma\">Handleiding<\/a><\/li><li class=\"page_item\"><a class=\"txt-color-primary txt-hover bg-color-white bg-hover\" href=\"https:\/\/support.mrdm.com\/nl\/dataentry\/veelgestelde-vragen\/?org=dica&#038;set=dnma\">Veelgestelde vragen<\/a><\/li><li class=\"page_item\"><a class=\"txt-color-primary txt-hover bg-color-white bg-hover\" href=\"https:\/\/support.mrdm.com\/nl\/dataentry\/export\/?org=dica&#038;set=dnma\">Export<\/a><\/li><li class=\"page_item\"><a class=\"txt-color-primary txt-hover bg-color-white bg-hover\" href=\"https:\/\/support.mrdm.com\/nl\/dataentry\/internet-browser-ondersteuning\/?org=dica&#038;set=dnma\">Internet browser ondersteuning<\/a><\/li>                    <\/ul>\n                  <\/div>\n                  <span class=\"label\">Data verzamelen<\/span>\n                <\/div>\n\n            \n                <div class=\"topic-block\">\n                  <div class=\"content\">\n                    <a class=\"link\" href=\"https:\/\/support.mrdm.com\/nl\/batch\/?org=dica&#038;set=dnma\"><\/a>\n                    <i class=\"txt-color-primary\">settings<\/i>\n                    <h3>Batch<\/h3>\n                    <p>Data aanleveren per batch upload<\/p>\n                    <ul>\n                      <li class=\"page_item open\"><a class=\"txt-color-primary txt-hover bg-color-white bg-hover\" href=\"https:\/\/support.mrdm.com\/nl\/batch\/handleiding\/?org=dica&#038;set=dnma\">Handleiding<\/a><\/li><li class=\"page_item\"><a class=\"txt-color-primary txt-hover bg-color-white bg-hover\" href=\"https:\/\/support.mrdm.com\/nl\/batch\/data-connect\/?org=dica&#038;set=dnma\">Data Connect<\/a><\/li><li class=\"page_item\"><a class=\"txt-color-primary txt-hover bg-color-white bg-hover\" href=\"https:\/\/support.mrdm.com\/nl\/batch\/veelgestelde-vragen\/?org=dica&#038;set=dnma\">Veelgestelde vragen<\/a><\/li>                    <\/ul>\n                  <\/div>\n                  <span class=\"label\">Data verzamelen<\/span>\n                <\/div>\n\n            \n                <div class=\"topic-block\">\n                  <div class=\"content\">\n                    <a class=\"link\" href=\"https:\/\/support.mrdm.com\/nl\/codman\/?org=dica&#038;set=dnma\"><\/a>\n                    <i class=\"txt-color-primary\">analytics<\/i>\n                    <h3>Codman<\/h3>\n                    <p>Dashboards die inzichten over kwaliteit van de zorg cre\u00ebren <\/p>\n                    <ul>\n                      <li class=\"page_item\"><a class=\"txt-color-primary txt-hover bg-color-white bg-hover\" href=\"https:\/\/support.mrdm.com\/nl\/codman\/algemene-informatie\/?org=dica&#038;set=dnma\">Algemene informatie<\/a><\/li><li class=\"page_item\"><a class=\"txt-color-primary txt-hover bg-color-white bg-hover\" href=\"https:\/\/support.mrdm.com\/nl\/codman\/registratieportaal\/?org=dica&#038;set=dnma\">Registratieportaal<\/a><\/li><li class=\"page_item\"><a class=\"txt-color-primary txt-hover bg-color-white bg-hover\" href=\"https:\/\/support.mrdm.com\/nl\/codman\/exploratief\/?org=dica&#038;set=dnma\">Exploratief<\/a><\/li><li class=\"page_item\"><a class=\"txt-color-primary txt-hover bg-color-white bg-hover\" href=\"https:\/\/support.mrdm.com\/nl\/codman\/overview\/?org=dica&#038;set=dnma\">Overview<\/a><\/li><li class=\"page_item\"><a class=\"txt-color-primary txt-hover bg-color-white bg-hover\" href=\"https:\/\/support.mrdm.com\/nl\/codman\/codman-connect\/?org=dica&#038;set=dnma\">Codman Connect<\/a><\/li><li class=\"page_item\"><a class=\"txt-color-primary txt-hover bg-color-white bg-hover\" href=\"https:\/\/support.mrdm.com\/nl\/codman\/veelgestelde-vragen\/?org=dica&#038;set=dnma\">Veelgestelde vragen<\/a><\/li><li class=\"page_item\"><a class=\"txt-color-primary txt-hover bg-color-white bg-hover\" href=\"https:\/\/support.mrdm.com\/nl\/codman\/videos\/?org=dica&#038;set=dnma\">Instructievideo&#8217;s<\/a><\/li>                    <\/ul>\n                  <\/div>\n                  <span class=\"label\">Rapporteren<\/span>\n                <\/div>\n\n            \n                <div class=\"topic-block\">\n                  <div class=\"content\">\n                    <a class=\"link\" href=\"https:\/\/support.mrdm.com\/nl\/proms\/?org=dica&#038;set=dnma\"><\/a>\n                    <i class=\"txt-color-primary\">3p<\/i>\n                    <h3>PROMs<\/h3>\n                    <p>PROMs verzamelen met behulp van het DICA basissysteem of aanleveren met batch<\/p>\n                    <ul>\n                      <li class=\"page_item\"><a class=\"txt-color-primary txt-hover bg-color-white bg-hover\" href=\"https:\/\/support.mrdm.com\/nl\/proms\/proms-verzamelen\/?org=dica&#038;set=dnma\">PROMs verzamelen<\/a><\/li>                    <\/ul>\n                  <\/div>\n                  <span class=\"label\">Data verzamelen<\/span>\n                <\/div>\n\n            \n                <div class=\"topic-block\">\n                  <div class=\"content\">\n                    <a class=\"link\" href=\"https:\/\/support.mrdm.com\/nl\/dataverificatie\/?org=dica&#038;set=dnma\"><\/a>\n                    <i class=\"txt-color-primary\">verified<\/i>\n                    <h3>Dataverificatie<\/h3>\n                    <p>Kwaliteit van klinische registraties verbeteren<\/p>\n                    <ul>\n                      <li class=\"page_item\"><a class=\"txt-color-primary txt-hover bg-color-white bg-hover\" href=\"https:\/\/support.mrdm.com\/nl\/dataverificatie\/algemene-informatie\/?org=dica&#038;set=dnma\">Algemene informatie<\/a><\/li>                    <\/ul>\n                  <\/div>\n                  <span class=\"label\">Data verwerken<\/span>\n                <\/div>\n\n            \n                <div class=\"topic-block\">\n                  <div class=\"content\">\n                    <a class=\"link\" href=\"https:\/\/support.mrdm.com\/nl\/registratie-specifieke-vragen\/?org=dica&#038;set=dnma\"><\/a>\n                    <i class=\"txt-color-primary\">medical_information<\/i>\n                    <h3>Registratie specifieke vragen<\/h3>\n                    <p>Een overzicht van veelgestelde registratie specifieke vragen<\/p>\n                    <ul>\n                      <li class=\"page_item\"><a class=\"txt-color-primary txt-hover bg-color-white bg-hover\" href=\"https:\/\/support.mrdm.com\/nl\/registratie-specifieke-vragen\/veelgestelde-vragen-dnma\/?org=dica&#038;set=dnma\">Veelgestelde vragen DNMA<\/a><\/li>                    <\/ul>\n                  <\/div>\n                  <span class=\"label\">Algemeen<\/span>\n                <\/div>\n\n            \n                <div class=\"topic-block\">\n                  <div class=\"content\">\n                    <a class=\"link\" href=\"https:\/\/support.mrdm.com\/nl\/koppelingen\/?org=dica&#038;set=dnma\"><\/a>\n                    <i class=\"txt-color-primary\">link<\/i>\n                    <h3>Koppelingen<\/h3>\n                    <p>Geautomatiseerde aansluiting van externe bronnen voor een (pre)fill in kwaliteitsregistraties<\/p>\n                    <ul>\n                      <li class=\"page_item\"><a class=\"txt-color-primary txt-hover bg-color-white bg-hover\" href=\"https:\/\/support.mrdm.com\/nl\/koppelingen\/dbc\/?org=dica&#038;set=dnma\">DBC<\/a><\/li>                    <\/ul>\n                  <\/div>\n                  <span class=\"label\">Data verzamelen<\/span>\n                <\/div>\n\n            <\/div>\n","protected":false},"excerpt":{"rendered":"<p>DICA neuromodulatie (Dutch NeuroModulation Audit) DICA werkt samen met de Nederlandse Vereniging voor Anesthesiologie voor de doorontwikkeling van deze kwaliteitsregistratie rondom het gebruik van de neuromodulatie behandeling bij honderen pati\u00ebnten met chronische pijn. Met de informatie uit deze kwaliteitsregistratie kan de kwaliteit van pati\u00ebntenzorg verder geoptimaliseerd worden, via uitkomstinformatie voor pati\u00ebnten, verbeterinformatie voor professionals en [&hellip;]<\/p>\n","protected":false},"author":1,"featured_media":0,"parent":595,"menu_order":0,"comment_status":"closed","ping_status":"closed","template":"page-wide.php","meta":{"_acf_changed":false,"footnotes":""},"page-category":[18],"class_list":["post-8350","page","type-page","status-publish","hentry","page-category-outcome-set"],"acf":[],"_links":{"self":[{"href":"https:\/\/support.mrdm.com\/nl\/wp-json\/wp\/v2\/pages\/8350","targetHints":{"allow":["GET"]}}],"collection":[{"href":"https:\/\/support.mrdm.com\/nl\/wp-json\/wp\/v2\/pages"}],"about":[{"href":"https:\/\/support.mrdm.com\/nl\/wp-json\/wp\/v2\/types\/page"}],"author":[{"embeddable":true,"href":"https:\/\/support.mrdm.com\/nl\/wp-json\/wp\/v2\/users\/1"}],"replies":[{"embeddable":true,"href":"https:\/\/support.mrdm.com\/nl\/wp-json\/wp\/v2\/comments?post=8350"}],"version-history":[{"count":81,"href":"https:\/\/support.mrdm.com\/nl\/wp-json\/wp\/v2\/pages\/8350\/revisions"}],"predecessor-version":[{"id":11483,"href":"https:\/\/support.mrdm.com\/nl\/wp-json\/wp\/v2\/pages\/8350\/revisions\/11483"}],"up":[{"embeddable":true,"href":"https:\/\/support.mrdm.com\/nl\/wp-json\/wp\/v2\/pages\/595"}],"wp:attachment":[{"href":"https:\/\/support.mrdm.com\/nl\/wp-json\/wp\/v2\/media?parent=8350"}],"wp:term":[{"taxonomy":"page-category","embeddable":true,"href":"https:\/\/support.mrdm.com\/nl\/wp-json\/wp\/v2\/page-category?post=8350"}],"curies":[{"name":"wp","href":"https:\/\/api.w.org\/{rel}","templated":true}]}}